{"id":29308,"date":"2023-12-15T14:48:51","date_gmt":"2023-12-15T13:48:51","guid":{"rendered":"https:\/\/jakob-quartier.ch\/lebensqualitat\/"},"modified":"2024-01-23T13:28:10","modified_gmt":"2024-01-23T12:28:10","slug":"qualite-de-vie","status":"publish","type":"page","link":"https:\/\/jakob-quartier.ch\/fr\/qualite-de-vie\/","title":{"rendered":"Qualit\u00e9 de vie"},"content":{"rendered":"<p>[et_pb_section fb_built=\u00a0\u00bb1&Prime; _builder_version=\u00a0\u00bb4.23.1&Prime; _module_preset=\u00a0\u00bbdefault\u00a0\u00bb background_color=\u00a0\u00bbgcid-f948f1a2-08f4-4e02-9abf-7ec6ea30ed97&Prime; locked=\u00a0\u00bboff\u00a0\u00bb global_colors_info=\u00a0\u00bb{%22gcid-f948f1a2-08f4-4e02-9abf-7ec6ea30ed97%22:%91%22background_color%22%93}\u00a0\u00bb][et_pb_row column_structure=\u00a0\u00bb2_5,3_5&Prime; _builder_version=\u00a0\u00bb4.23.1&Prime; _module_preset=\u00a0\u00bbdefault\u00a0\u00bb global_colors_info=\u00a0\u00bb{}\u00a0\u00bb][et_pb_column type=\u00a0\u00bb2_5&Prime; _builder_version=\u00a0\u00bb4.23.1&Prime; _module_preset=\u00a0\u00bbdefault\u00a0\u00bb global_colors_info=\u00a0\u00bb{}\u00a0\u00bb][et_pb_text module_class=\u00a0\u00bbtext-animation\u00a0\u00bb _builder_version=\u00a0\u00bb4.23.1&Prime; _module_preset=\u00a0\u00bbdefault\u00a0\u00bb locked=\u00a0\u00bboff\u00a0\u00bb inline_fonts=\u00a0\u00bbGT Planar Light,GT Super Book Italic\u00a0\u00bb global_colors_info=\u00a0\u00bb{}\u00a0\u00bb]<\/p>\n<h1 class=\"p1\"><span style=\"color: #272525; font-family: 'GT Planar Light';\">Qualit\u00e9 de vie<br \/><\/span>Lebens-<br \/>qualit\u00e4t<\/h1>\n<p>[\/et_pb_text][et_pb_text _builder_version=\u00a0\u00bb4.23.1&Prime; _module_preset=\u00a0\u00bbdefault\u00a0\u00bb locked=\u00a0\u00bboff\u00a0\u00bb inline_fonts=\u00a0\u00bbGT Planar Light,GT Super Book Italic\u00a0\u00bb global_colors_info=\u00a0\u00bb{}\u00a0\u00bb]<\/p>\n<p><span style=\"font-size: 20px;\">Le quartier Jakob n&rsquo;est pas simplement un lieu de r\u00e9sidence, mais un espace vivant offrant \u00e0 ses habitantes et habitants une qualit\u00e9 de vie \u00e9lev\u00e9e. Avec une vari\u00e9t\u00e9 de types de logement, d&rsquo;espaces verts et des espaces pour une utilisation cr\u00e9ative, un lieu de vie attrayant verra le jour.<\/span><\/p>\n<p>[\/et_pb_text][\/et_pb_column][et_pb_column type=\u00a0\u00bb3_5&Prime; _builder_version=\u00a0\u00bb4.23.1&Prime; _module_preset=\u00a0\u00bbdefault\u00a0\u00bb global_colors_info=\u00a0\u00bb{}\u00a0\u00bb][et_pb_image src=\u00a0\u00bbhttps:\/\/jakob-quartier.ch\/wp-content\/uploads\/2024\/01\/11113_A02_Jakobstrasse_F-scaled.jpg\u00a0\u00bb title_text=\u00a0\u00bb11113_A02_Jakobstrasse_F\u00a0\u00bb force_fullwidth=\u00a0\u00bbon\u00a0\u00bb _builder_version=\u00a0\u00bb4.23.1&Prime; _module_preset=\u00a0\u00bb70db76ff-0eb2-46b7-8c29-ae5cc46a03e0&Prime; global_colors_info=\u00a0\u00bb{}\u00a0\u00bb][\/et_pb_image][\/et_pb_column][\/et_pb_row][et_pb_row module_id=\u00a0\u00bbmehr\u00a0\u00bb _builder_version=\u00a0\u00bb4.23.1&Prime; _module_preset=\u00a0\u00bb5cf948f6-552b-4954-b2a9-55645a2eaf8f\u00a0\u00bb locked=\u00a0\u00bboff\u00a0\u00bb global_colors_info=\u00a0\u00bb{}\u00a0\u00bb][et_pb_column type=\u00a0\u00bb4_4&Prime; _builder_version=\u00a0\u00bb4.23.1&Prime; _module_preset=\u00a0\u00bbdefault\u00a0\u00bb global_colors_info=\u00a0\u00bb{}\u00a0\u00bb][et_pb_text _builder_version=\u00a0\u00bb4.23.1&Prime; _module_preset=\u00a0\u00bbdefault\u00a0\u00bb hover_enabled=\u00a0\u00bb0&Prime; global_colors_info=\u00a0\u00bb{}\u00a0\u00bb sticky_enabled=\u00a0\u00bb0&Prime;]<\/p>\n<h2>Le quartier<\/h2>\n<p><span>Le quartier Jakob \u00e0 Bienne sera un quartier vivant avec divers types de logement, des espaces verts et des espaces pour une utilisation cr\u00e9ative. La mixit\u00e9 sociale et l&rsquo;int\u00e9gration harmonieuse caract\u00e9risent le quartier, en cr\u00e9ant un lieu de vie attrayant. Pour cela, l&rsquo;\u00e9quipe de planification mise sur diff\u00e9rents types de logement tels que <\/span>des appartements en location, des maisons individuelles mitoyennes, des appartements en PPE et des logements pour personnes \u00e2g\u00e9es.<span> De plus, une cr\u00e8che ainsi que des espaces pour des utilisations cr\u00e9atives comme des ateliers seront am\u00e9nag\u00e9s.<\/span><\/p>\n<p>[\/et_pb_text][\/et_pb_column][\/et_pb_row][\/et_pb_section][et_pb_section fb_built=\u00a0\u00bb1&Prime; _builder_version=\u00a0\u00bb4.23.1&Prime; _module_preset=\u00a0\u00bbdefault\u00a0\u00bb background_color=\u00a0\u00bbgcid-f948f1a2-08f4-4e02-9abf-7ec6ea30ed97&Prime; locked=\u00a0\u00bboff\u00a0\u00bb global_colors_info=\u00a0\u00bb{%22gcid-f948f1a2-08f4-4e02-9abf-7ec6ea30ed97%22:%91%22background_color%22%93}\u00a0\u00bb][et_pb_row _builder_version=\u00a0\u00bb4.23.1&Prime; _module_preset=\u00a0\u00bbdefault\u00a0\u00bb locked=\u00a0\u00bboff\u00a0\u00bb global_colors_info=\u00a0\u00bb{}\u00a0\u00bb][et_pb_column type=\u00a0\u00bb4_4&Prime; _builder_version=\u00a0\u00bb4.23.1&Prime; _module_preset=\u00a0\u00bbdefault\u00a0\u00bb global_colors_info=\u00a0\u00bb{}\u00a0\u00bb][et_pb_image src=\u00a0\u00bbhttps:\/\/jakob-quartier.ch\/wp-content\/uploads\/2023\/12\/066_120_Ansichten-Jokobstrasse-und-Wohngasse-01.png\u00a0\u00bb alt=\u00a0\u00bbPhotographie d&rsquo;un parc\u00a0\u00bb title_text=\u00a0\u00bb066_120_Ansichten Jokobstrasse und Wohngasse 01&Prime; force_fullwidth=\u00a0\u00bbon\u00a0\u00bb src_tablet=\u00a0\u00bbhttps:\/\/jakob-quartier.ch\/wp-content\/uploads\/2023\/11\/mike-benna-SBiVq9eWEtQ-unsplash-1-scaled-e1700232953644.jpg\u00a0\u00bb src_phone=\u00a0\u00bbhttps:\/\/jakob-quartier.ch\/wp-content\/uploads\/2023\/11\/mike-benna-SBiVq9eWEtQ-unsplash-scaled.jpg\u00a0\u00bb src_last_edited=\u00a0\u00bboff|desktop\u00a0\u00bb _builder_version=\u00a0\u00bb4.23.1&Prime; _module_preset=\u00a0\u00bb70db76ff-0eb2-46b7-8c29-ae5cc46a03e0&Prime; scroll_scaling_enable=\u00a0\u00bbon\u00a0\u00bb scroll_scaling=\u00a0\u00bb0|50|50|100|90%|100|100&Prime; global_colors_info=\u00a0\u00bb{}\u00a0\u00bb][\/et_pb_image][\/et_pb_column][\/et_pb_row][\/et_pb_section][et_pb_section fb_built=\u00a0\u00bb1&Prime; _builder_version=\u00a0\u00bb4.23.1&Prime; _module_preset=\u00a0\u00bbdefault\u00a0\u00bb background_color=\u00a0\u00bbgcid-f948f1a2-08f4-4e02-9abf-7ec6ea30ed97&Prime; locked=\u00a0\u00bboff\u00a0\u00bb global_colors_info=\u00a0\u00bb{%22gcid-f948f1a2-08f4-4e02-9abf-7ec6ea30ed97%22:%91%22background_color%22%93}\u00a0\u00bb][et_pb_row _builder_version=\u00a0\u00bb4.23.1&Prime; _module_preset=\u00a0\u00bbdefault\u00a0\u00bb max_width=\u00a0\u00bb1000px\u00a0\u00bb locked=\u00a0\u00bboff\u00a0\u00bb global_colors_info=\u00a0\u00bb{}\u00a0\u00bb][et_pb_column type=\u00a0\u00bb4_4&Prime; _builder_version=\u00a0\u00bb4.23.1&Prime; _module_preset=\u00a0\u00bbdefault\u00a0\u00bb global_colors_info=\u00a0\u00bb{}\u00a0\u00bb][et_pb_text _builder_version=\u00a0\u00bb4.23.1&Prime; _module_preset=\u00a0\u00bbdefault\u00a0\u00bb locked=\u00a0\u00bboff\u00a0\u00bb inline_fonts=\u00a0\u00bbGT Planar Light,GT Super Book Italic\u00a0\u00bb global_colors_info=\u00a0\u00bb{}\u00a0\u00bb][\/et_pb_text][et_pb_text _builder_version=\u00a0\u00bb4.23.1&Prime; _module_preset=\u00a0\u00bbdefault\u00a0\u00bb inline_fonts=\u00a0\u00bbGT Planar Light\u00a0\u00bb global_colors_info=\u00a0\u00bb{}\u00a0\u00bb]<\/p>\n<h2>Durabilit\u00e9<\/h2>\n<p>Au quartier Jakob, la durabilit\u00e9 joue un r\u00f4le d\u00e9cisif. Le concept urbanistique et la conception architecturale prennent en compte des aspects \u00e9cologiques et favorisent un mode de vie respectueux de l&rsquo;environnement.<\/p>\n<p>[\/et_pb_text][\/et_pb_column][\/et_pb_row][et_pb_row _builder_version=\u00a0\u00bb4.23.1&Prime; _module_preset=\u00a0\u00bbdefault\u00a0\u00bb global_colors_info=\u00a0\u00bb{}\u00a0\u00bb][et_pb_column type=\u00a0\u00bb4_4&Prime; _builder_version=\u00a0\u00bb4.23.1&Prime; _module_preset=\u00a0\u00bbdefault\u00a0\u00bb global_colors_info=\u00a0\u00bb{}\u00a0\u00bb][et_pb_text _builder_version=\u00a0\u00bb4.23.1&Prime; _module_preset=\u00a0\u00bbdefault\u00a0\u00bb locked=\u00a0\u00bboff\u00a0\u00bb inline_fonts=\u00a0\u00bbGT Planar Light,GT Super Book Italic\u00a0\u00bb global_colors_info=\u00a0\u00bb{}\u00a0\u00bb]<\/p>\n<h3><strong>\u00ab\u00a0La ville \u00e9tablie vit non seulement \u00e0 travers des concepts, mais aussi \u00e0 travers des ruptures. L&rsquo;interaction entre la r\u00e8gle et la rupture cr\u00e9e un paysage urbain diversifi\u00e9 et vivant.\u00a0\u00bb<\/strong><\/h3>\n<p>Johanna Bl\u00e4ttler et Kurt Wyss, architectes<\/p>\n<p>[\/et_pb_text][\/et_pb_column][\/et_pb_row][\/et_pb_section]<\/p>\n","protected":false},"excerpt":{"rendered":"<p>Qualit\u00e9 de vieLebens-qualit\u00e4tLe quartier Jakob n&rsquo;est pas simplement un lieu de r\u00e9sidence, mais un espace vivant offrant \u00e0 ses habitantes et habitants une qualit\u00e9 de vie \u00e9lev\u00e9e. Avec une vari\u00e9t\u00e9 de types de logement, d&rsquo;espaces verts et des espaces pour une utilisation cr\u00e9ative, un lieu de vie attrayant verra le jour.Le quartier Le quartier Jakob [&hellip;]<\/p>\n","protected":false},"author":1,"featured_media":0,"parent":0,"menu_order":0,"comment_status":"closed","ping_status":"closed","template":"","meta":{"_et_pb_use_builder":"on","_et_pb_old_content":"","_et_gb_content_width":"","inline_featured_image":false,"footnotes":""},"class_list":["post-29308","page","type-page","status-publish","hentry"],"jetpack_sharing_enabled":true,"_links":{"self":[{"href":"https:\/\/jakob-quartier.ch\/fr\/wp-json\/wp\/v2\/pages\/29308","targetHints":{"allow":["GET"]}}],"collection":[{"href":"https:\/\/jakob-quartier.ch\/fr\/wp-json\/wp\/v2\/pages"}],"about":[{"href":"https:\/\/jakob-quartier.ch\/fr\/wp-json\/wp\/v2\/types\/page"}],"author":[{"embeddable":true,"href":"https:\/\/jakob-quartier.ch\/fr\/wp-json\/wp\/v2\/users\/1"}],"replies":[{"embeddable":true,"href":"https:\/\/jakob-quartier.ch\/fr\/wp-json\/wp\/v2\/comments?post=29308"}],"version-history":[{"count":7,"href":"https:\/\/jakob-quartier.ch\/fr\/wp-json\/wp\/v2\/pages\/29308\/revisions"}],"predecessor-version":[{"id":29635,"href":"https:\/\/jakob-quartier.ch\/fr\/wp-json\/wp\/v2\/pages\/29308\/revisions\/29635"}],"wp:attachment":[{"href":"https:\/\/jakob-quartier.ch\/fr\/wp-json\/wp\/v2\/media?parent=29308"}],"curies":[{"name":"wp","href":"https:\/\/api.w.org\/{rel}","templated":true}]}}