{"id":29304,"date":"2023-12-15T15:05:54","date_gmt":"2023-12-15T14:05:54","guid":{"rendered":"https:\/\/jakob-quartier.ch\/mobilitat\/"},"modified":"2024-01-23T10:48:24","modified_gmt":"2024-01-23T09:48:24","slug":"mobilite","status":"publish","type":"page","link":"https:\/\/jakob-quartier.ch\/fr\/mobilite\/","title":{"rendered":"Mobilit\u00e9"},"content":{"rendered":"<p>[et_pb_section fb_built=\u00a0\u00bb1&Prime; _builder_version=\u00a0\u00bb4.23.1&Prime; _module_preset=\u00a0\u00bbdefault\u00a0\u00bb background_color=\u00a0\u00bbgcid-1141076b-6648-4ab9-9f4d-f24b58b7d0d7&Prime; locked=\u00a0\u00bboff\u00a0\u00bb global_colors_info=\u00a0\u00bb{%22gcid-1141076b-6648-4ab9-9f4d-f24b58b7d0d7%22:%91%22background_color%22%93}\u00a0\u00bb][et_pb_row column_structure=\u00a0\u00bb2_5,3_5&Prime; _builder_version=\u00a0\u00bb4.23.1&Prime; _module_preset=\u00a0\u00bbdefault\u00a0\u00bb global_colors_info=\u00a0\u00bb{}\u00a0\u00bb][et_pb_column type=\u00a0\u00bb2_5&Prime; _builder_version=\u00a0\u00bb4.23.1&Prime; _module_preset=\u00a0\u00bbdefault\u00a0\u00bb global_colors_info=\u00a0\u00bb{}\u00a0\u00bb][et_pb_text module_class=\u00a0\u00bbtext-animation\u00a0\u00bb _builder_version=\u00a0\u00bb4.23.1&Prime; _module_preset=\u00a0\u00bbdefault\u00a0\u00bb locked=\u00a0\u00bboff\u00a0\u00bb inline_fonts=\u00a0\u00bbGT Planar Light,GT Super Book Italic\u00a0\u00bb global_colors_info=\u00a0\u00bb{}\u00a0\u00bb]<\/p>\n<h1 class=\"p1\"><span style=\"font-family: 'GT Planar Light';\">Mobilit\u00e9<br \/>\n<\/span><br \/>Mobilit\u00e4t<\/h1>\n<p>[\/et_pb_text][et_pb_text _builder_version=\u00a0\u00bb4.23.1&Prime; _module_preset=\u00a0\u00bbdefault\u00a0\u00bb locked=\u00a0\u00bboff\u00a0\u00bb inline_fonts=\u00a0\u00bbGT Planar Light,GT Super Book Italic\u00a0\u00bb global_colors_info=\u00a0\u00bb{}\u00a0\u00bb]<\/p>\n<p><span>Le quartier est id\u00e9alement connect\u00e9 et mise sur la mobilit\u00e9 durable. Une planification de la circulation bien pens\u00e9e et l&rsquo;int\u00e9gration dans l&rsquo;infrastructure cyclable existante de la ville de Bienne favorisent un mode de d\u00e9placement respectueux de l&rsquo;environnement dans le quartier Jakob.<\/span><\/p>\n<p>[\/et_pb_text][\/et_pb_column][et_pb_column type=\u00a0\u00bb3_5&Prime; _builder_version=\u00a0\u00bb4.23.1&Prime; _module_preset=\u00a0\u00bbdefault\u00a0\u00bb global_colors_info=\u00a0\u00bb{}\u00a0\u00bb][et_pb_image src=\u00a0\u00bbhttps:\/\/jakob-quartier.ch\/wp-content\/uploads\/2024\/01\/11113_A03b_Jakobstrasse_F_kl-scaled.jpg\u00a0\u00bb title_text=\u00a0\u00bb11113_A03b_Jakobstrasse_F_kl\u00a0\u00bb _builder_version=\u00a0\u00bb4.23.1&Prime; _module_preset=\u00a0\u00bb70db76ff-0eb2-46b7-8c29-ae5cc46a03e0&Prime; global_colors_info=\u00a0\u00bb{}\u00a0\u00bb][\/et_pb_image][\/et_pb_column][\/et_pb_row][et_pb_row module_id=\u00a0\u00bbmehr\u00a0\u00bb _builder_version=\u00a0\u00bb4.23.1&Prime; _module_preset=\u00a0\u00bb5cf948f6-552b-4954-b2a9-55645a2eaf8f\u00a0\u00bb locked=\u00a0\u00bboff\u00a0\u00bb global_colors_info=\u00a0\u00bb{}\u00a0\u00bb][et_pb_column type=\u00a0\u00bb4_4&Prime; _builder_version=\u00a0\u00bb4.23.1&Prime; _module_preset=\u00a0\u00bbdefault\u00a0\u00bb global_colors_info=\u00a0\u00bb{}\u00a0\u00bb][et_pb_text _builder_version=\u00a0\u00bb4.23.1&Prime; _module_preset=\u00a0\u00bbdefault\u00a0\u00bb inline_fonts=\u00a0\u00bbGT Planar Light\u00a0\u00bb global_colors_info=\u00a0\u00bb{}\u00a0\u00bb]<\/p>\n<h2 class=\"p1\">Emplacement du quartier<\/h2>\n<p>Le quartier Jakob se situe \u00e0 l&rsquo;est de M\u00e2che \u00e0 Bienne, l\u2019une des plus grandes zones de r\u00e9am\u00e9nagement de la ville. La connexion optimale \u00e0 la mobilit\u00e9 et l&rsquo;int\u00e9gration au paysage urbain rendent l&#8217;emplacement particuli\u00e8rement attrayant.<\/p>\n<p>[\/et_pb_text][et_pb_image src=\u00a0\u00bbhttps:\/\/jakob-quartier.ch\/wp-content\/uploads\/2023\/12\/Situationsplan-scaled.jpg\u00a0\u00bb title_text=\u00a0\u00bbSituationsplan\u00a0\u00bb _builder_version=\u00a0\u00bb4.23.1&Prime; _module_preset=\u00a0\u00bb70db76ff-0eb2-46b7-8c29-ae5cc46a03e0&Prime; scroll_scaling_enable=\u00a0\u00bbon\u00a0\u00bb scroll_scaling=\u00a0\u00bb0|50|50|100|90%|100|100&Prime; global_colors_info=\u00a0\u00bb{}\u00a0\u00bb][\/et_pb_image][\/et_pb_column][\/et_pb_row][\/et_pb_section][et_pb_section fb_built=\u00a0\u00bb1&Prime; _builder_version=\u00a0\u00bb4.23.1&Prime; _module_preset=\u00a0\u00bbdefault\u00a0\u00bb background_color=\u00a0\u00bbgcid-1141076b-6648-4ab9-9f4d-f24b58b7d0d7&Prime; global_colors_info=\u00a0\u00bb{%22gcid-1141076b-6648-4ab9-9f4d-f24b58b7d0d7%22:%91%22background_color%22%93}\u00a0\u00bb][et_pb_row _builder_version=\u00a0\u00bb4.23.1&Prime; _module_preset=\u00a0\u00bbdefault\u00a0\u00bb max_width=\u00a0\u00bb1000px\u00a0\u00bb locked=\u00a0\u00bboff\u00a0\u00bb global_colors_info=\u00a0\u00bb{}\u00a0\u00bb][et_pb_column type=\u00a0\u00bb4_4&Prime; _builder_version=\u00a0\u00bb4.23.1&Prime; _module_preset=\u00a0\u00bbdefault\u00a0\u00bb global_colors_info=\u00a0\u00bb{}\u00a0\u00bb][et_pb_text _builder_version=\u00a0\u00bb4.23.1&Prime; _module_preset=\u00a0\u00bbdefault\u00a0\u00bb inline_fonts=\u00a0\u00bbGT Planar Light\u00a0\u00bb global_colors_info=\u00a0\u00bb{}\u00a0\u00bb]<\/p>\n<h2>Un quartier connect\u00e9 \u00e0 la mobilit\u00e9<\/h2>\n<p>Gr\u00e2ce \u00e0 une bonne planification de la circulation, le quartier Jakob offre une mobilit\u00e9 optimale. Des sentiers p\u00e9destres et pistes cyclables favorisent la mobilit\u00e9 douce, tandis que la bonne connexion aux transports publics augmente la flexibilit\u00e9 des habitantes et habitants.<\/p>\n<p>[\/et_pb_text][\/et_pb_column][\/et_pb_row][\/et_pb_section][et_pb_section fb_built=\u00a0\u00bb1&Prime; _builder_version=\u00a0\u00bb4.23.1&Prime; _module_preset=\u00a0\u00bbdefault\u00a0\u00bb background_color=\u00a0\u00bbgcid-1141076b-6648-4ab9-9f4d-f24b58b7d0d7&Prime; global_colors_info=\u00a0\u00bb{%22gcid-1141076b-6648-4ab9-9f4d-f24b58b7d0d7%22:%91%22background_color%22%93}\u00a0\u00bb][\/et_pb_section]<\/p>\n","protected":false},"excerpt":{"rendered":"<p>Mobilit\u00e9 Mobilit\u00e4tLe quartier est id\u00e9alement connect\u00e9 et mise sur la mobilit\u00e9 durable. Une planification de la circulation bien pens\u00e9e et l&rsquo;int\u00e9gration dans l&rsquo;infrastructure cyclable existante de la ville de Bienne favorisent un mode de d\u00e9placement respectueux de l&rsquo;environnement dans le quartier Jakob.Emplacement du quartier Le quartier Jakob se situe \u00e0 l&rsquo;est de M\u00e2che \u00e0 Bienne, [&hellip;]<\/p>\n","protected":false},"author":1,"featured_media":0,"parent":0,"menu_order":0,"comment_status":"closed","ping_status":"closed","template":"","meta":{"_et_pb_use_builder":"on","_et_pb_old_content":"","_et_gb_content_width":"","inline_featured_image":false,"footnotes":""},"class_list":["post-29304","page","type-page","status-publish","hentry"],"jetpack_sharing_enabled":true,"_links":{"self":[{"href":"https:\/\/jakob-quartier.ch\/fr\/wp-json\/wp\/v2\/pages\/29304","targetHints":{"allow":["GET"]}}],"collection":[{"href":"https:\/\/jakob-quartier.ch\/fr\/wp-json\/wp\/v2\/pages"}],"about":[{"href":"https:\/\/jakob-quartier.ch\/fr\/wp-json\/wp\/v2\/types\/page"}],"author":[{"embeddable":true,"href":"https:\/\/jakob-quartier.ch\/fr\/wp-json\/wp\/v2\/users\/1"}],"replies":[{"embeddable":true,"href":"https:\/\/jakob-quartier.ch\/fr\/wp-json\/wp\/v2\/comments?post=29304"}],"version-history":[{"count":6,"href":"https:\/\/jakob-quartier.ch\/fr\/wp-json\/wp\/v2\/pages\/29304\/revisions"}],"predecessor-version":[{"id":29626,"href":"https:\/\/jakob-quartier.ch\/fr\/wp-json\/wp\/v2\/pages\/29304\/revisions\/29626"}],"wp:attachment":[{"href":"https:\/\/jakob-quartier.ch\/fr\/wp-json\/wp\/v2\/media?parent=29304"}],"curies":[{"name":"wp","href":"https:\/\/api.w.org\/{rel}","templated":true}]}}