{"id":29300,"date":"2023-12-15T14:44:52","date_gmt":"2023-12-15T13:44:52","guid":{"rendered":"https:\/\/jakob-quartier.ch\/natur\/"},"modified":"2024-11-25T11:28:07","modified_gmt":"2024-11-25T10:28:07","slug":"nature","status":"publish","type":"page","link":"https:\/\/jakob-quartier.ch\/fr\/nature\/","title":{"rendered":"Nature"},"content":{"rendered":"<p>[et_pb_section fb_built=\u00a0\u00bb1&Prime; _builder_version=\u00a0\u00bb4.23.1&Prime; _module_preset=\u00a0\u00bbdefault\u00a0\u00bb background_color=\u00a0\u00bbgcid-9884596a-0eda-49f0-b886-d5f2350612ae\u00a0\u00bb locked=\u00a0\u00bboff\u00a0\u00bb global_colors_info=\u00a0\u00bb{%22gcid-9884596a-0eda-49f0-b886-d5f2350612ae%22:%91%22background_color%22%93}\u00a0\u00bb][et_pb_row column_structure=\u00a0\u00bb2_5,3_5&Prime; _builder_version=\u00a0\u00bb4.23.1&Prime; _module_preset=\u00a0\u00bbdefault\u00a0\u00bb global_colors_info=\u00a0\u00bb{}\u00a0\u00bb][et_pb_column type=\u00a0\u00bb2_5&Prime; _builder_version=\u00a0\u00bb4.23.1&Prime; _module_preset=\u00a0\u00bbdefault\u00a0\u00bb global_colors_info=\u00a0\u00bb{}\u00a0\u00bb][et_pb_text module_class=\u00a0\u00bbtext-animation\u00a0\u00bb _builder_version=\u00a0\u00bb4.23.1&Prime; _module_preset=\u00a0\u00bbdefault\u00a0\u00bb locked=\u00a0\u00bboff\u00a0\u00bb inline_fonts=\u00a0\u00bbGT Planar Light,GT Super Book Italic\u00a0\u00bb global_colors_info=\u00a0\u00bb{}\u00a0\u00bb]<\/p>\n<h1 class=\"p1\"><span style=\"font-family: 'GT Planar Light';\">Nature <\/span><br \/>Natur<\/h1>\n<p>[\/et_pb_text][et_pb_text _builder_version=\u00a0\u00bb4.23.1&Prime; _module_preset=\u00a0\u00bbdefault\u00a0\u00bb locked=\u00a0\u00bboff\u00a0\u00bb inline_fonts=\u00a0\u00bbGT Planar Light,GT Super Book Italic\u00a0\u00bb global_colors_info=\u00a0\u00bb{}\u00a0\u00bb]<\/p>\n<p><span>Le parc public du quartier Jakob deviendra un \u00eelot de verdure au c\u0153ur de la ville. <\/span>Il est notamment pr\u00e9vu d&rsquo;am\u00e9nager une prairie de jeux, une place de jeux et un pump track naturel. Gr\u00e2ce \u00e0 des \u00e9l\u00e9vations et des d\u00e9pressions, des chemins sinueux et une v\u00e9g\u00e9tation vari\u00e9e compos\u00e9e exclusivement d&rsquo;esp\u00e8ces indig\u00e8nes, le parc <span>aura un caract\u00e8re particuli\u00e8rement naturel.<\/span><\/p>\n<p>[\/et_pb_text][\/et_pb_column][et_pb_column type=\u00a0\u00bb3_5&Prime; _builder_version=\u00a0\u00bb4.23.1&Prime; _module_preset=\u00a0\u00bbdefault\u00a0\u00bb global_colors_info=\u00a0\u00bb{}\u00a0\u00bb][et_pb_image src=\u00a0\u00bbhttps:\/\/jakob-quartier.ch\/wp-content\/uploads\/2023\/11\/srecko-skrobic-JQgEjsDaIrc-unsplash-scaled.jpg\u00a0\u00bb title_text=\u00a0\u00bbsrecko-skrobic-JQgEjsDaIrc-unsplash\u00a0\u00bb _builder_version=\u00a0\u00bb4.23.1&Prime; _module_preset=\u00a0\u00bb70db76ff-0eb2-46b7-8c29-ae5cc46a03e0&Prime; global_colors_info=\u00a0\u00bb{}\u00a0\u00bb][\/et_pb_image][\/et_pb_column][\/et_pb_row][et_pb_row module_id=\u00a0\u00bbmehr\u00a0\u00bb _builder_version=\u00a0\u00bb4.23.1&Prime; _module_preset=\u00a0\u00bb5cf948f6-552b-4954-b2a9-55645a2eaf8f\u00a0\u00bb locked=\u00a0\u00bboff\u00a0\u00bb global_colors_info=\u00a0\u00bb{}\u00a0\u00bb][et_pb_column type=\u00a0\u00bb4_4&Prime; _builder_version=\u00a0\u00bb4.23.1&Prime; _module_preset=\u00a0\u00bbdefault\u00a0\u00bb global_colors_info=\u00a0\u00bb{}\u00a0\u00bb][et_pb_text _builder_version=\u00a0\u00bb4.23.1&Prime; _module_preset=\u00a0\u00bbdefault\u00a0\u00bb inline_fonts=\u00a0\u00bbGT Planar Light\u00a0\u00bb global_colors_info=\u00a0\u00bb{}\u00a0\u00bb]<\/p>\n<h2 class=\"p1\">Concept du parc<\/h2>\n<div class=\"flex-1 overflow-hidden\">\n<div class=\"react-scroll-to-bottom--css-fdxhi-79elbk h-full\">\n<div class=\"react-scroll-to-bottom--css-fdxhi-1n7m0yu\">\n<div class=\"flex flex-col pb-9 text-sm\">\n<div class=\"w-full text-token-text-primary\" data-testid=\"conversation-turn-9\">\n<div class=\"px-4 py-2 justify-center text-base md:gap-6 m-auto\">\n<div class=\"flex flex-1 text-base mx-auto gap-3 md:px-5 lg:px-1 xl:px-5 md:max-w-3xl lg:max-w-[40rem] xl:max-w-[48rem] group final-completion\">\n<div class=\"relative flex w-full flex-col lg:w-[calc(100%-115px)] agent-turn\">\n<div class=\"flex-col gap-1 md:gap-3\">\n<div class=\"flex flex-grow flex-col max-w-full\">\n<div data-message-author-role=\"assistant\" data-message-id=\"64a1aeb0-705c-4c42-a858-1d77e225484c\" class=\"min-h-[20px] text-message flex flex-col items-start gap-3 whitespace-pre-wrap break-words [.text-message+&amp;]:mt-5 overflow-x-auto\">\n<div class=\"markdown prose w-full break-words dark:prose-invert light\">\n<p>Le parc du quartier Jakob n&rsquo;est pas seulement un \u00e9crin de verdure, mais \u00e9galement con\u00e7u pour favoriser la biodiversit\u00e9 et la protection des esp\u00e8ces locales. Gr\u00e2ce \u00e0 une combinaison d&rsquo;une v\u00e9g\u00e9tation pr\u00e8s du sol et des arbres plus grands, une flore diversifi\u00e9e \u00e9merge, offrant un habitat \u00e0 diff\u00e9rentes esp\u00e8ces animales. L&rsquo;utilisation exclusive d&rsquo;esp\u00e8ces indig\u00e8nes favorise non seulement la diversit\u00e9 \u00e9cologique, mais aussi l&rsquo;adaptation \u00e0 l&rsquo;environnement local.<\/p>\n<\/div>\n<\/div>\n<\/div>\n<\/div>\n<\/div>\n<\/div>\n<\/div>\n<\/div>\n<\/div>\n<\/div>\n<\/div>\n<\/div>\n<p>[\/et_pb_text][\/et_pb_column][\/et_pb_row][\/et_pb_section][et_pb_section fb_built=\u00a0\u00bb1&Prime; _builder_version=\u00a0\u00bb4.23.1&Prime; _module_preset=\u00a0\u00bbdefault\u00a0\u00bb background_color=\u00a0\u00bbgcid-9884596a-0eda-49f0-b886-d5f2350612ae\u00a0\u00bb max_width=\u00a0\u00bb100%\u00a0\u00bb locked=\u00a0\u00bboff\u00a0\u00bb global_colors_info=\u00a0\u00bb{%22gcid-9884596a-0eda-49f0-b886-d5f2350612ae%22:%91%22background_color%22%93}\u00a0\u00bb][et_pb_row column_structure=\u00a0\u00bb2_5,3_5&Prime; _builder_version=\u00a0\u00bb4.23.1&Prime; _module_preset=\u00a0\u00bbdefault\u00a0\u00bb custom_css_main_element=\u00a0\u00bbdisplay: flex;||align-items: center;\u00a0\u00bb locked=\u00a0\u00bboff\u00a0\u00bb global_colors_info=\u00a0\u00bb{}\u00a0\u00bb custom_css_main_element_last_edited=\u00a0\u00bbon|tablet\u00a0\u00bb custom_css_main_element_tablet=\u00a0\u00bbdisplay: block;\u00a0\u00bb custom_css_main_element_phone=\u00a0\u00bbdisplay: block;\u00a0\u00bb][et_pb_column type=\u00a0\u00bb2_5&Prime; _builder_version=\u00a0\u00bb4.23.1&Prime; _module_preset=\u00a0\u00bbdefault\u00a0\u00bb global_colors_info=\u00a0\u00bb{}\u00a0\u00bb][et_pb_image src=\u00a0\u00bbhttps:\/\/jakob-quartier.ch\/wp-content\/uploads\/2024\/11\/Ubersicht_Baufelder_Park.jpg\u00a0\u00bb alt=\u00a0\u00bbPlan\u00a0\u00bb title_text=\u00a0\u00bbU\u0308bersicht_Baufelder_Park\u00a0\u00bb force_fullwidth=\u00a0\u00bbon\u00a0\u00bb src_tablet=\u00a0\u00bbhttps:\/\/jakob-quartier.ch\/wp-content\/uploads\/2023\/11\/srecko-skrobic-JQgEjsDaIrc-unsplash-1-scaled-e1700233094922.jpg\u00a0\u00bb src_phone=\u00a0\u00bbhttps:\/\/jakob-quartier.ch\/wp-content\/uploads\/2023\/11\/srecko-skrobic-JQgEjsDaIrc-unsplash-scaled.jpg\u00a0\u00bb src_last_edited=\u00a0\u00bboff|desktop\u00a0\u00bb _builder_version=\u00a0\u00bb4.27.0&Prime; _module_preset=\u00a0\u00bb70db76ff-0eb2-46b7-8c29-ae5cc46a03e0&Prime; scroll_scaling_enable=\u00a0\u00bbon\u00a0\u00bb scroll_scaling=\u00a0\u00bb0|50|50|100|90%|100|100&Prime; hover_enabled=\u00a0\u00bb0&Prime; global_colors_info=\u00a0\u00bb{}\u00a0\u00bb sticky_enabled=\u00a0\u00bb0&Prime;][\/et_pb_image][\/et_pb_column][et_pb_column type=\u00a0\u00bb3_5&Prime; _builder_version=\u00a0\u00bb4.23.1&Prime; _module_preset=\u00a0\u00bbdefault\u00a0\u00bb global_colors_info=\u00a0\u00bb{}\u00a0\u00bb][et_pb_text _builder_version=\u00a0\u00bb4.23.1&Prime; _module_preset=\u00a0\u00bbdefault\u00a0\u00bb inline_fonts=\u00a0\u00bbGT Planar Light,GT Super Book Italic\u00a0\u00bb global_colors_info=\u00a0\u00bb{}\u00a0\u00bb]<\/p>\n<h2>Un lieu pour toute la population<\/h2>\n<p>Le parc du quartier Jakob est plus qu&rsquo;un espace vert &#8211; il est un lieu de rencontre pour tout un chacun. <span>En tant que zone de jeu, de d\u00e9tente et de loisirs, il offre aux jeunes et aux moins jeunes de nombreuses possibilit\u00e9s de rencontre et de repos. \u00c0 terme, le parc vise \u00e0 offrir un environnement vivant, utilis\u00e9 et appr\u00e9ci\u00e9 par l&rsquo;ensemble de la population de Bienne. Ainsi, le parc devient un \u00e9l\u00e9ment int\u00e9grateur renfor\u00e7ant la coh\u00e9sion sociale dans le quartier Jakob.<\/span><\/p>\n<p>[\/et_pb_text][\/et_pb_column][\/et_pb_row][\/et_pb_section][et_pb_section fb_built=\u00a0\u00bb1&Prime; _builder_version=\u00a0\u00bb4.23.1&Prime; _module_preset=\u00a0\u00bbdefault\u00a0\u00bb background_color=\u00a0\u00bbgcid-9884596a-0eda-49f0-b886-d5f2350612ae\u00a0\u00bb global_colors_info=\u00a0\u00bb{%22gcid-9884596a-0eda-49f0-b886-d5f2350612ae%22:%91%22background_color%22%93}\u00a0\u00bb][\/et_pb_section]<\/p>\n","protected":false},"excerpt":{"rendered":"<p>Nature NaturLe parc public du quartier Jakob deviendra un \u00eelot de verdure au c\u0153ur de la ville. Il est notamment pr\u00e9vu d&rsquo;am\u00e9nager une prairie de jeux, une place de jeux et un pump track naturel. Gr\u00e2ce \u00e0 des \u00e9l\u00e9vations et des d\u00e9pressions, des chemins sinueux et une v\u00e9g\u00e9tation vari\u00e9e compos\u00e9e exclusivement d&rsquo;esp\u00e8ces indig\u00e8nes, le parc [&hellip;]<\/p>\n","protected":false},"author":1,"featured_media":0,"parent":0,"menu_order":0,"comment_status":"closed","ping_status":"closed","template":"","meta":{"_et_pb_use_builder":"on","_et_pb_old_content":"","_et_gb_content_width":"","inline_featured_image":false,"footnotes":""},"class_list":["post-29300","page","type-page","status-publish","hentry"],"jetpack_sharing_enabled":true,"_links":{"self":[{"href":"https:\/\/jakob-quartier.ch\/fr\/wp-json\/wp\/v2\/pages\/29300","targetHints":{"allow":["GET"]}}],"collection":[{"href":"https:\/\/jakob-quartier.ch\/fr\/wp-json\/wp\/v2\/pages"}],"about":[{"href":"https:\/\/jakob-quartier.ch\/fr\/wp-json\/wp\/v2\/types\/page"}],"author":[{"embeddable":true,"href":"https:\/\/jakob-quartier.ch\/fr\/wp-json\/wp\/v2\/users\/1"}],"replies":[{"embeddable":true,"href":"https:\/\/jakob-quartier.ch\/fr\/wp-json\/wp\/v2\/comments?post=29300"}],"version-history":[{"count":9,"href":"https:\/\/jakob-quartier.ch\/fr\/wp-json\/wp\/v2\/pages\/29300\/revisions"}],"predecessor-version":[{"id":29666,"href":"https:\/\/jakob-quartier.ch\/fr\/wp-json\/wp\/v2\/pages\/29300\/revisions\/29666"}],"wp:attachment":[{"href":"https:\/\/jakob-quartier.ch\/fr\/wp-json\/wp\/v2\/media?parent=29300"}],"curies":[{"name":"wp","href":"https:\/\/api.w.org\/{rel}","templated":true}]}}